{"id":38,"date":"2020-09-02T05:30:07","date_gmt":"2020-09-02T05:30:07","guid":{"rendered":"https:\/\/bildungsoffensive-bfk.de\/?page_id=38"},"modified":"2020-09-02T05:33:13","modified_gmt":"2020-09-02T05:33:13","slug":"impressum","status":"publish","type":"page","link":"https:\/\/bildungsoffensive-bfk.de\/index.php\/impressum\/","title":{"rendered":"IMPRESSUM"},"content":{"rendered":"\t\t<div data-elementor-type=\"wp-page\" data-elementor-id=\"38\" class=\"elementor elementor-38\" data-elementor-settings=\"[]\">\n\t\t\t\t\t\t<div class=\"elementor-inner\">\n\t\t\t\t\t\t\t<div class=\"elementor-section-wrap\">\n\t\t\t\t\t\t\t<section class=\"elementor-section elementor-top-section elementor-element elementor-element-4cd5839c elementor-section-boxed elementor-section-height-default elementor-section-height-default\" data-id=\"4cd5839c\" data-element_type=\"section\">\n\t\t\t\t\t\t<div class=\"elementor-container elementor-column-gap-default\">\n\t\t\t\t\t\t\t<div class=\"elementor-row\">\n\t\t\t\t\t<div class=\"elementor-column elementor-col-100 elementor-top-column elementor-element elementor-element-3c64ed5\" data-id=\"3c64ed5\" data-element_type=\"column\" id=\"uber\">\n\t\t\t<div class=\"elementor-column-wrap elementor-element-populated\">\n\t\t\t\t\t\t\t<div class=\"elementor-widget-wrap\">\n\t\t\t\t\t\t<div class=\"elementor-element elementor-element-4aeeac77 elementor-widget elementor-widget-heading\" data-id=\"4aeeac77\" data-element_type=\"widget\" data-widget_type=\"heading.default\">\n\t\t\t\t<div class=\"elementor-widget-container\">\n\t\t\t<h2 class=\"elementor-heading-title elementor-size-default\"><br>Impressum<\/h2>\t\t<\/div>\n\t\t\t\t<\/div>\n\t\t\t\t<div class=\"elementor-element elementor-element-7545f519 elementor-widget elementor-widget-text-editor\" data-id=\"7545f519\" data-element_type=\"widget\" data-widget_type=\"text-editor.default\">\n\t\t\t\t<div class=\"elementor-widget-container\">\n\t\t\t\t\t<div class=\"elementor-text-editor elementor-clearfix\"><h2>KIMW-Q gGmbH<\/h2><p><strong>Gemeinn\u00fctzige KIMW-Qualifizierungs GmbH<\/strong><\/p><p>Die gemeinn\u00fctzige KIMW Qualifizierung GmbH (KIMW-Q) ist eine 100% Tochter des eingetragenen Vereins \u201eTr\u00e4gergesellschaft Kunststoff Institut L\u00fcdenscheid\u201c. Gemeinn\u00fctziger Zweck der Gesellschaft ist die F\u00f6rderung der Wissenschaft und Forschung, sowie der Bildung und Erziehung. Dieser Gesellschaftszweck wird insbesondere verwirklicht durch die F\u00f6rderung lebenslangen Lernens von Jugendlichen und Erwachsenen und das Abhalten von eigenen Lehrveranstaltungen und Studieng\u00e4ngen auf dem Gebiet der Kunststofftechnik ggf. auch in Zusammenarbeit mit staatlichen oder privaten Bildungstr\u00e4gern. Ziel ist weiterhin, im Bereich der Kunststofftechnik gewonnene Erkenntnisse durch zus\u00e4tzliche Lehrangebote zu vermitteln.<br \/>Hauptaktivit\u00e4ten sind die Durchf\u00fchrung von Studieng\u00e4ngen, welche ein gemeinsames Angebot der Fachhochschule S\u00fcdwestfalen (FH SWF) und des Kunststoff-Instituts L\u00fcdenscheid sind, sowie der Betrieb des Polymer Training Centres PTC.<\/p><p><strong>Impressum f\u00fcr Dienstleistungen der KIMW-Q gGmbH<\/strong><\/p><p>Gemeinn\u00fctzige KIMW Qualifizierungs GmbH<br \/>Karolinenstra\u00dfe 8<br \/>58507 L\u00fcdenscheid<br \/>Telefon: +49 2351 1064-191<br \/>Telefax: +49 2351 1064-190<\/p><p>E-mail: mail@kunststoff-institut.de<br \/>Internet: www.kunststoff-institut.de<\/p><p>Amtsgericht: Iserlohn<br \/>HRB-Nr.: 6392<br \/>St.-Nr.: 332 5796 5556<br \/>Ust-IdNr.: DE 299 357 562<\/p><\/div>\n\t\t\t\t<\/div>\n\t\t\t\t<\/div>\n\t\t\t\t<div class=\"elementor-element elementor-element-36f45321 elementor-widget elementor-widget-text-editor\" data-id=\"36f45321\" data-element_type=\"widget\" data-widget_type=\"text-editor.default\">\n\t\t\t\t<div class=\"elementor-widget-container\">\n\t\t\t\t\t<div class=\"elementor-text-editor elementor-clearfix\"><h3>Gesch\u00e4ftsf\u00fchrung<\/h3><div><h4>Dipl.-Kfm. Michael Krause<\/h4><div>\u00a0<a href=\"tel:4923511064187\">+ 49 2351 1064-187<\/a><\/div><div><a>\u00a0<\/a><\/div><div><a>krause [at] kunststoff-institut.de<\/a><\/div><\/div><\/div>\n\t\t\t\t<\/div>\n\t\t\t\t<\/div>\n\t\t\t\t<div class=\"elementor-element elementor-element-69f4b23a elementor-widget elementor-widget-text-editor\" data-id=\"69f4b23a\" data-element_type=\"widget\" data-widget_type=\"text-editor.default\">\n\t\t\t\t<div class=\"elementor-widget-container\">\n\t\t\t\t\t<div class=\"elementor-text-editor elementor-clearfix\"><h4><span class=\"titel\">Dipl.-Ing.<\/span><span class=\"name\">Frank Mumme<\/span><\/h4>\n<p><span class=\"zusatz\">Beschichtungstechnik<\/span><\/p>\n<div class=\"asp_spacer\">&nbsp;<span class=\"tel\"><a href=\"tel:4923511064139\">+49 2351 1064-139<\/a><\/span><\/div><div class=\"asp_spacer\"><br><\/div>\n<div class=\"asp_spacer\"><span class=\"email\"><a>mumme [at] kunststoff-institut.de<\/a><\/span><\/div><\/div>\n\t\t\t\t<\/div>\n\t\t\t\t<\/div>\n\t\t\t\t\t\t<\/div>\n\t\t\t\t\t<\/div>\n\t\t<\/div>\n\t\t\t\t\t\t\t\t<\/div>\n\t\t\t\t\t<\/div>\n\t\t<\/section>\n\t\t\t\t\t\t<\/div>\n\t\t\t\t\t\t<\/div>\n\t\t\t\t\t<\/div>\n\t\t","protected":false},"excerpt":{"rendered":"<p>Impressum KIMW-Q gGmbH Gemeinn\u00fctzige KIMW-Qualifizierungs GmbH Die gemeinn\u00fctzige KIMW Qualifizierung GmbH (KIMW-Q) ist eine 100% Tochter des eingetragenen Vereins \u201eTr\u00e4gergesellschaft Kunststoff Institut L\u00fcdenscheid\u201c. Gemeinn\u00fctziger Zweck der Gesellschaft ist die F\u00f6rderung der Wissenschaft und Forschung, sowie der Bildung und Erziehung. Dieser Gesellschaftszweck wird insbesondere verwirklicht durch die F\u00f6rderung lebenslangen Lernens von Jugendlichen und Erwachsenen und das &hellip;<\/p>\n<p class=\"read-more\"> <a class=\"\" href=\"https:\/\/bildungsoffensive-bfk.de\/index.php\/impressum\/\"> <span class=\"screen-reader-text\">IMPRESSUM<\/span> Weiterlesen &raquo;<\/a><\/p>\n","protected":false},"author":2,"featured_media":0,"parent":0,"menu_order":0,"comment_status":"closed","ping_status":"closed","template":"","meta":[],"_links":{"self":[{"href":"https:\/\/bildungsoffensive-bfk.de\/index.php\/wp-json\/wp\/v2\/pages\/38"}],"collection":[{"href":"https:\/\/bildungsoffensive-bfk.de\/index.php\/wp-json\/wp\/v2\/pages"}],"about":[{"href":"https:\/\/bildungsoffensive-bfk.de\/index.php\/wp-json\/wp\/v2\/types\/page"}],"author":[{"embeddable":true,"href":"https:\/\/bildungsoffensive-bfk.de\/index.php\/wp-json\/wp\/v2\/users\/2"}],"replies":[{"embeddable":true,"href":"https:\/\/bildungsoffensive-bfk.de\/index.php\/wp-json\/wp\/v2\/comments?post=38"}],"version-history":[{"count":4,"href":"https:\/\/bildungsoffensive-bfk.de\/index.php\/wp-json\/wp\/v2\/pages\/38\/revisions"}],"predecessor-version":[{"id":49,"href":"https:\/\/bildungsoffensive-bfk.de\/index.php\/wp-json\/wp\/v2\/pages\/38\/revisions\/49"}],"wp:attachment":[{"href":"https:\/\/bildungsoffensive-bfk.de\/index.php\/wp-json\/wp\/v2\/media?parent=38"}],"curies":[{"name":"wp","href":"https:\/\/api.w.org\/{rel}","templated":true}]}}